{"id":2684,"date":"2020-12-01T22:56:05","date_gmt":"2020-12-02T04:56:05","guid":{"rendered":"https:\/\/www.cafefrancaisregina.com\/cafefrancais\/?page_id=2684"},"modified":"2025-12-05T11:07:18","modified_gmt":"2025-12-05T17:07:18","slug":"christmas-high-tea-at-home","status":"publish","type":"page","link":"https:\/\/www.cafefrancaisregina.com\/cafefrancais\/high-tea\/christmas-high-tea-at-home\/","title":{"rendered":"High Tea Takeout available (24-48 hours notice)"},"content":{"rendered":"<p>High Tea at home is available for pick up by pre orders.<\/p>\n<p>Box is designed for minimum 2 servings.<\/p>\n<p>&nbsp;<\/p>\n<p>High Tea for 2 at Home- $66 plus taxes<\/p>\n<p>3 Tier Menu includes choice of loose leaf tea too choose from<\/p>\n<p>Top Tier:<br \/>\n&#8211; Crem\u00e9 br\u00fbl\u00e9e (gf)<br \/>\n&#8211; Fudge Brownie<\/p>\n<p>Middle Tier:<br \/>\n&#8211; Egg Salad Brioche Slider<\/p>\n<p>&#8211; Spinach, Sun-dried tomato mini quiche<\/p>\n<p>&#8211; Crab Crostini<\/p>\n<p>&#8211; Beef Pastrami Croissant<\/p>\n<p>Bottom Tier:<br \/>\n&#8211; Raisin tea biscuit<br \/>\n&#8211; Pecan Tart<\/p>\n<p>Each order comes with a tea choice: Boysenberry Tea or Detox and Revive Tea<\/p>\n","protected":false},"excerpt":{"rendered":"<p>High Tea at home is available for pick up by pre orders. Box is designed for minimum 2 servings. &nbsp; High Tea for 2 at Home- $66 plus taxes 3 Tier Menu includes choice of loose leaf tea too choose from Top Tier: &#8211; Crem\u00e9 br\u00fbl\u00e9e (gf) &#8211; Fudge Brownie Middle Tier: &#8211; Egg Salad [&hellip;]<\/p>\n","protected":false},"author":3,"featured_media":2683,"parent":2379,"menu_order":0,"comment_status":"closed","ping_status":"closed","template":"","meta":{"footnotes":""},"class_list":["post-2684","page","type-page","status-publish","has-post-thumbnail","hentry"],"_links":{"self":[{"href":"https:\/\/www.cafefrancaisregina.com\/cafefrancais\/wp-json\/wp\/v2\/pages\/2684","targetHints":{"allow":["GET"]}}],"collection":[{"href":"https:\/\/www.cafefrancaisregina.com\/cafefrancais\/wp-json\/wp\/v2\/pages"}],"about":[{"href":"https:\/\/www.cafefrancaisregina.com\/cafefrancais\/wp-json\/wp\/v2\/types\/page"}],"author":[{"embeddable":true,"href":"https:\/\/www.cafefrancaisregina.com\/cafefrancais\/wp-json\/wp\/v2\/users\/3"}],"replies":[{"embeddable":true,"href":"https:\/\/www.cafefrancaisregina.com\/cafefrancais\/wp-json\/wp\/v2\/comments?post=2684"}],"version-history":[{"count":11,"href":"https:\/\/www.cafefrancaisregina.com\/cafefrancais\/wp-json\/wp\/v2\/pages\/2684\/revisions"}],"predecessor-version":[{"id":3614,"href":"https:\/\/www.cafefrancaisregina.com\/cafefrancais\/wp-json\/wp\/v2\/pages\/2684\/revisions\/3614"}],"up":[{"embeddable":true,"href":"https:\/\/www.cafefrancaisregina.com\/cafefrancais\/wp-json\/wp\/v2\/pages\/2379"}],"wp:featuredmedia":[{"embeddable":true,"href":"https:\/\/www.cafefrancaisregina.com\/cafefrancais\/wp-json\/wp\/v2\/media\/2683"}],"wp:attachment":[{"href":"https:\/\/www.cafefrancaisregina.com\/cafefrancais\/wp-json\/wp\/v2\/media?parent=2684"}],"curies":[{"name":"wp","href":"https:\/\/api.w.org\/{rel}","templated":true}]}}