{"id":2467,"date":"2020-09-10T22:52:33","date_gmt":"2020-09-11T04:52:33","guid":{"rendered":"https:\/\/www.cafefrancaisregina.com\/cafefrancais\/?post_type=product&#038;p=2467"},"modified":"2025-12-05T11:05:58","modified_gmt":"2025-12-05T17:05:58","slug":"high-tea-for-2-at-home","status":"publish","type":"product","link":"https:\/\/www.cafefrancaisregina.com\/cafefrancais\/product\/high-tea-for-2-at-home\/","title":{"rendered":"High Tea For 2 At Home"},"content":{"rendered":"<p>High Tea at home is available for pick up by pre orders.<\/p>\n<p>Box is designed for minimum 2 servings.<\/p>\n<p>&nbsp;<\/p>\n<p>High Tea for 2 at Home- $66 plus taxes<\/p>\n<p>3 Tier Menu includes choice of loose leaf tea too choose from<\/p>\n<p>Top Tier:<br \/>\n&#8211; Crem\u00e9 br\u00fbl\u00e9e (gf)<br \/>\n&#8211; Fudge Brownie<\/p>\n<p>Middle Tier:<br \/>\n&#8211; Egg Salad Brioche Slider<\/p>\n<p>&#8211; Spinach, Sun-dried tomato mini quiche<\/p>\n<p>&#8211; Crab Crostini<\/p>\n<p>&#8211; Beef Pastrami Croissant<\/p>\n<p>Bottom Tier:<br \/>\n&#8211; Raisin tea biscuit<br \/>\n&#8211; Pecan Tart<\/p>\n","protected":false},"excerpt":{"rendered":"<p>High Tea at home is available for pick up by pre orders.<\/p>\n<p>Available every weekend.<\/p>\n<p>High Tea for 2 at Home- $54 plus taxes(2 Servings)<\/p>\n<p>3 Tier Menu includes choice of loose leaf tea too choose from.<\/p>\n<p>STEPS TO ORDER:<\/p>\n<ul>\n<li>SELECT DATE<\/li>\n<li>SELECT TIME<\/li>\n<li>SELECT ANY 2 TEAS (PER PLATTER)<\/li>\n<\/ul>\n","protected":false},"featured_media":2629,"comment_status":"open","ping_status":"closed","template":"","meta":[],"product_brand":[],"product_cat":[15],"product_tag":[],"class_list":{"0":"post-2467","1":"product","2":"type-product","3":"status-publish","4":"has-post-thumbnail","6":"product_cat-uncategorized","8":"first","9":"outofstock","10":"shipping-taxable","11":"purchasable","12":"product-type-variable"},"_links":{"self":[{"href":"https:\/\/www.cafefrancaisregina.com\/cafefrancais\/wp-json\/wp\/v2\/product\/2467","targetHints":{"allow":["GET"]}}],"collection":[{"href":"https:\/\/www.cafefrancaisregina.com\/cafefrancais\/wp-json\/wp\/v2\/product"}],"about":[{"href":"https:\/\/www.cafefrancaisregina.com\/cafefrancais\/wp-json\/wp\/v2\/types\/product"}],"replies":[{"embeddable":true,"href":"https:\/\/www.cafefrancaisregina.com\/cafefrancais\/wp-json\/wp\/v2\/comments?post=2467"}],"wp:featuredmedia":[{"embeddable":true,"href":"https:\/\/www.cafefrancaisregina.com\/cafefrancais\/wp-json\/wp\/v2\/media\/2629"}],"wp:attachment":[{"href":"https:\/\/www.cafefrancaisregina.com\/cafefrancais\/wp-json\/wp\/v2\/media?parent=2467"}],"wp:term":[{"taxonomy":"product_brand","embeddable":true,"href":"https:\/\/www.cafefrancaisregina.com\/cafefrancais\/wp-json\/wp\/v2\/product_brand?post=2467"},{"taxonomy":"product_cat","embeddable":true,"href":"https:\/\/www.cafefrancaisregina.com\/cafefrancais\/wp-json\/wp\/v2\/product_cat?post=2467"},{"taxonomy":"product_tag","embeddable":true,"href":"https:\/\/www.cafefrancaisregina.com\/cafefrancais\/wp-json\/wp\/v2\/product_tag?post=2467"}],"curies":[{"name":"wp","href":"https:\/\/api.w.org\/{rel}","templated":true}]}}