{"id":2971,"date":"2026-04-20T23:28:12","date_gmt":"2026-04-21T05:28:12","guid":{"rendered":"https:\/\/www.cafefrancaisregina.com\/express\/?page_id=2971"},"modified":"2026-05-03T12:37:39","modified_gmt":"2026-05-03T18:37:39","slug":"high-tea","status":"publish","type":"page","link":"https:\/\/www.cafefrancaisregina.com\/express\/high-tea\/","title":{"rendered":"Mother&#8217;s Day High Tea"},"content":{"rendered":"<div id=\"m_-8316090686772007051AppleMailSignature\" dir=\"ltr\">Mother&#8217;s Day Afternoon \u00a0Tea &#8211; $54 per person plus taxes<\/div>\n<div dir=\"ltr\"><\/div>\n<div dir=\"ltr\"><strong>MENU<\/strong>:<\/div>\n<div dir=\"ltr\"><\/div>\n<div dir=\"ltr\"><strong>SWEET SELECTION<\/strong><\/div>\n<div id=\"m_-8316090686772007051AppleMailSignature\" dir=\"ltr\">Cr\u00e8me br\u00fbl\u00e9e<\/div>\n<div id=\"m_-8316090686772007051AppleMailSignature\" dir=\"ltr\">French Macaron<\/div>\n<div id=\"m_-8316090686772007051AppleMailSignature\" dir=\"ltr\">Chocolate dipped strawberry<\/div>\n<div id=\"m_-8316090686772007051AppleMailSignature\" dir=\"ltr\">Raspberry frangipane tart<\/div>\n<div dir=\"ltr\">Chocolate Fudge Brownie<\/div>\n<div id=\"m_-8316090686772007051AppleMailSignature\" dir=\"ltr\">Tea biscuits with Berry compote<\/div>\n<div id=\"m_-8316090686772007051AppleMailSignature\" dir=\"ltr\"><\/div>\n<div id=\"m_-8316090686772007051AppleMailSignature\" dir=\"ltr\"><strong>SAVOURY SELECTION<\/strong><\/div>\n<div id=\"m_-8316090686772007051AppleMailSignature\" dir=\"ltr\">Beef Pastrami croissant<\/div>\n<div id=\"m_-8316090686772007051AppleMailSignature\" dir=\"ltr\">Egg salad brioche<\/div>\n<div id=\"m_-8316090686772007051AppleMailSignature\" dir=\"ltr\">Chicken Salad Tartine<\/div>\n<div id=\"m_-8316090686772007051AppleMailSignature\" dir=\"ltr\">Sun-dried Tomatoes , Pepper quiche<\/div>\n<div id=\"m_-8316090686772007051AppleMailSignature\" dir=\"ltr\"><\/div>\n<div id=\"m_-8316090686772007051AppleMailSignature\" dir=\"ltr\">All served with a pot of tea and a variety of flavours to enjoy at your own pace.<\/div>\n<div dir=\"ltr\"><\/div>\n<div dir=\"ltr\">\n<p dir=\"auto\"><strong>we will require credit card details at the time of booking.<\/strong><\/p>\n<p dir=\"auto\"><strong>we request 72 hours\u00a0notice for cancellations in order to\u00a0avoid being charged for it.<\/strong><\/p>\n<p dir=\"auto\"><strong>Limited seating available for Reservations only<\/strong><\/p>\n<\/div>\n<div dir=\"ltr\"><\/div>\n<div dir=\"ltr\">Call : 306 559 2233<\/div>\n<div dir=\"ltr\">email : cafefrancaisregina@gmail.com<\/div>\n","protected":false},"excerpt":{"rendered":"<p>Mother&#8217;s Day Afternoon \u00a0Tea &#8211; $54 per person plus taxes MENU: SWEET SELECTION Cr\u00e8me br\u00fbl\u00e9e French Macaron Chocolate dipped strawberry Raspberry frangipane tart Chocolate Fudge Brownie Tea biscuits with Berry compote SAVOURY SELECTION Beef Pastrami croissant Egg salad brioche Chicken Salad Tartine Sun-dried Tomatoes , Pepper quiche All served with a pot of tea and [&hellip;]<\/p>\n","protected":false},"author":2,"featured_media":0,"parent":0,"menu_order":0,"comment_status":"closed","ping_status":"closed","template":"","meta":{"footnotes":""},"class_list":["post-2971","page","type-page","status-publish","hentry"],"_links":{"self":[{"href":"https:\/\/www.cafefrancaisregina.com\/express\/wp-json\/wp\/v2\/pages\/2971","targetHints":{"allow":["GET"]}}],"collection":[{"href":"https:\/\/www.cafefrancaisregina.com\/express\/wp-json\/wp\/v2\/pages"}],"about":[{"href":"https:\/\/www.cafefrancaisregina.com\/express\/wp-json\/wp\/v2\/types\/page"}],"author":[{"embeddable":true,"href":"https:\/\/www.cafefrancaisregina.com\/express\/wp-json\/wp\/v2\/users\/2"}],"replies":[{"embeddable":true,"href":"https:\/\/www.cafefrancaisregina.com\/express\/wp-json\/wp\/v2\/comments?post=2971"}],"version-history":[{"count":5,"href":"https:\/\/www.cafefrancaisregina.com\/express\/wp-json\/wp\/v2\/pages\/2971\/revisions"}],"predecessor-version":[{"id":3026,"href":"https:\/\/www.cafefrancaisregina.com\/express\/wp-json\/wp\/v2\/pages\/2971\/revisions\/3026"}],"wp:attachment":[{"href":"https:\/\/www.cafefrancaisregina.com\/express\/wp-json\/wp\/v2\/media?parent=2971"}],"curies":[{"name":"wp","href":"https:\/\/api.w.org\/{rel}","templated":true}]}}